{"id":632,"date":"2014-06-03T14:09:32","date_gmt":"2014-06-03T12:09:32","guid":{"rendered":"http:\/\/blog.sylabe.org\/?page_id=632"},"modified":"2014-06-03T14:09:32","modified_gmt":"2014-06-03T12:09:32","slug":"liens","status":"publish","type":"page","link":"https:\/\/blog.sylabe.org\/?page_id=632","title":{"rendered":"Liens"},"content":{"rendered":"<h1 style=\"text-align: justify;\">Liens<\/h1>\n<p style=\"text-align: justify;\">Voici une petite compilation de liens sur Internet qui proposent des choses proches du projet <em>sylabe<\/em>. Ces liens n&rsquo;ont pas de priorit\u00e9, ils sont ajout\u00e9s au fur et \u00e0 mesure qu&rsquo;ils ont d\u00e9couverts ou sortis des archives.<\/p>\n<p style=\"text-align: justify;\"><strong>Sites web de programmes concurrents :<\/strong><\/p>\n<ul>\n<li style=\"text-align: justify;\"><a title=\"GNUnet\" href=\"http:\/\/gnunet.org\/\" target=\"_blank\">http:\/\/gnunet.org\/<\/a><\/li>\n<li style=\"text-align: justify;\"><a title=\"CaliOpen\" href=\"http:\/\/caliopen.org\/\" target=\"_blank\">http:\/\/caliopen.org\/<\/a> &#8211; <a title=\"Caliop\" href=\"http:\/\/www.caliop.net\" target=\"_blank\">http:\/\/www.caliop.net<\/a><\/li>\n<li style=\"text-align: justify;\"><a title=\"Lupo Libero\" href=\"http:\/\/lupolibero.com\/\" target=\"_blank\">http:\/\/lupolibero.com\/<\/a><\/li>\n<li style=\"text-align: justify;\"><a title=\"Silent Circle\" href=\"http:\/\/silentcircle.com\/\" target=\"_blank\">http:\/\/silentcircle.com\/<\/a><\/li>\n<li style=\"text-align: justify;\"><a title=\"Briar\" href=\"https:\/\/briarproject.org\/\" target=\"_blank\">http:\/\/briarproject.org\/<\/a><\/li>\n<li style=\"text-align: justify;\"><a title=\"Dark Mail\" href=\"http:\/\/darkmail.info\/\" target=\"_blank\">http:\/\/darkmail.info\/<\/a><\/li>\n<li style=\"text-align: justify;\"><a title=\"Bitmessage\" href=\"http:\/\/bitmessage.org\/\" target=\"_blank\">http:\/\/bitmessage.org\/<\/a><\/li>\n<li style=\"text-align: justify;\"><a title=\"Cryptocat\" href=\"http:\/\/crypto.cat\/\" target=\"_blank\">http:\/\/crypto.cat\/<\/a><\/li>\n<\/ul>\n<p style=\"text-align: justify;\"><strong>Sites web annexes :<\/strong><\/p>\n<ul>\n<li><a title=\"OLSR\" href=\"http:\/\/fr.wikipedia.org\/wiki\/OLSR\" target=\"_blank\">http:\/\/fr.wikipedia.org\/wiki\/OLSR<\/a><\/li>\n<li><a title=\"Reset the net\" href=\"https:\/\/www.resetthenet.org\/\" target=\"_blank\">https:\/\/www.resetthenet.org\/<\/a><\/li>\n<\/ul>\n","protected":false},"excerpt":{"rendered":"<p>Liens Voici une petite compilation de liens sur Internet qui proposent des choses proches du projet sylabe. Ces liens n&rsquo;ont pas de priorit\u00e9, ils sont ajout\u00e9s au fur et \u00e0 mesure qu&rsquo;ils ont d\u00e9couverts ou sortis des archives. Sites web de programmes concurrents : http:\/\/gnunet.org\/ http:\/\/caliopen.org\/ &#8211; http:\/\/www.caliop.net http:\/\/lupolibero.com\/ http:\/\/silentcircle.com\/ http:\/\/briarproject.org\/ http:\/\/darkmail.info\/ http:\/\/bitmessage.org\/ http:\/\/crypto.cat\/ Sites [&hellip;]<\/p>\n","protected":false},"author":1,"featured_media":0,"parent":0,"menu_order":8,"comment_status":"open","ping_status":"open","template":"","meta":{"footnotes":""},"class_list":["post-632","page","type-page","status-publish","hentry"],"_links":{"self":[{"href":"https:\/\/blog.sylabe.org\/index.php?rest_route=\/wp\/v2\/pages\/632","targetHints":{"allow":["GET"]}}],"collection":[{"href":"https:\/\/blog.sylabe.org\/index.php?rest_route=\/wp\/v2\/pages"}],"about":[{"href":"https:\/\/blog.sylabe.org\/index.php?rest_route=\/wp\/v2\/types\/page"}],"author":[{"embeddable":true,"href":"https:\/\/blog.sylabe.org\/index.php?rest_route=\/wp\/v2\/users\/1"}],"replies":[{"embeddable":true,"href":"https:\/\/blog.sylabe.org\/index.php?rest_route=%2Fwp%2Fv2%2Fcomments&post=632"}],"version-history":[{"count":0,"href":"https:\/\/blog.sylabe.org\/index.php?rest_route=\/wp\/v2\/pages\/632\/revisions"}],"wp:attachment":[{"href":"https:\/\/blog.sylabe.org\/index.php?rest_route=%2Fwp%2Fv2%2Fmedia&parent=632"}],"curies":[{"name":"wp","href":"https:\/\/api.w.org\/{rel}","templated":true}]}}