{"id":833,"date":"2015-05-31T16:38:42","date_gmt":"2015-05-31T14:38:42","guid":{"rendered":"http:\/\/blog.sylabe.org\/?page_id=833"},"modified":"2016-04-20T00:50:28","modified_gmt":"2016-04-19T22:50:28","slug":"iconographie","status":"publish","type":"page","link":"http:\/\/blog.sylabe.org\/?page_id=833","title":{"rendered":"Iconographie"},"content":{"rendered":"<p>Les ic\u00f4nes de l&rsquo;interface de <em>sylabe<\/em> en cours d&rsquo;utilisation, sous licence (cc) BY-NC-SA :<\/p>\n<p style=\"text-align: center;\"><a href=\"\/wp-content\/uploads\/sylabe\/2015\/05\/cvt.png\"><img decoding=\"async\" loading=\"lazy\" class=\"alignnone size-full wp-image-1273\" src=\"\/wp-content\/uploads\/sylabe\/2015\/05\/cvt.png\" alt=\"cvt\" width=\"64\" height=\"64\" \/><\/a> <a href=\"\/wp-content\/uploads\/sylabe\/2015\/05\/cvtadd.png\"><img decoding=\"async\" loading=\"lazy\" class=\"alignnone size-medium wp-image-1274\" src=\"\/wp-content\/uploads\/sylabe\/2015\/05\/cvtadd.png\" alt=\"cvtadd\" width=\"64\" height=\"64\" \/><\/a> <a href=\"\/wp-content\/uploads\/sylabe\/2015\/05\/cvtaddent.png\"><img decoding=\"async\" loading=\"lazy\" class=\"alignnone size-medium wp-image-1275\" src=\"\/wp-content\/uploads\/sylabe\/2015\/05\/cvtaddent.png\" alt=\"cvtaddent\" width=\"64\" height=\"64\" \/><\/a> <a href=\"\/wp-content\/uploads\/sylabe\/2015\/05\/cvtaddmsg.png\"><img decoding=\"async\" loading=\"lazy\" class=\"alignnone size-medium wp-image-1276\" src=\"\/wp-content\/uploads\/sylabe\/2015\/05\/cvtaddmsg.png\" alt=\"cvtaddmsg\" width=\"64\" height=\"64\" \/><\/a> <a href=\"\/wp-content\/uploads\/sylabe\/2015\/05\/cvtent.png\"><img decoding=\"async\" loading=\"lazy\" class=\"alignnone size-medium wp-image-1277\" src=\"\/wp-content\/uploads\/sylabe\/2015\/05\/cvtent.png\" alt=\"cvtent\" width=\"64\" height=\"64\" \/><\/a><br \/>\n<a href=\"\/wp-content\/uploads\/sylabe\/2015\/05\/cvtobj.png\"><img decoding=\"async\" loading=\"lazy\" class=\"alignnone size-medium wp-image-1278\" src=\"\/wp-content\/uploads\/sylabe\/2015\/05\/cvtobj.png\" alt=\"cvtobj\" width=\"64\" height=\"64\" \/><\/a> <a href=\"\/wp-content\/uploads\/sylabe\/2015\/05\/admin.png\"><img decoding=\"async\" loading=\"lazy\" class=\"alignnone size-full wp-image-1255\" src=\"\/wp-content\/uploads\/sylabe\/2015\/05\/admin.png\" alt=\"admin\" width=\"64\" height=\"64\" \/><\/a> <a href=\"\/wp-content\/uploads\/sylabe\/2015\/05\/flush.png\"><img decoding=\"async\" loading=\"lazy\" class=\"alignnone size-medium wp-image-1256\" src=\"\/wp-content\/uploads\/sylabe\/2015\/05\/flush.png\" alt=\"flush\" width=\"64\" height=\"64\" \/><\/a> <a href=\"\/wp-content\/uploads\/sylabe\/2015\/05\/grpent.png\"><img decoding=\"async\" loading=\"lazy\" class=\"alignnone size-medium wp-image-1257\" src=\"\/wp-content\/uploads\/sylabe\/2015\/05\/grpent.png\" alt=\"grpent\" width=\"64\" height=\"64\" \/><\/a> <a href=\"\/wp-content\/uploads\/sylabe\/2015\/05\/grpentadd.png\"><img decoding=\"async\" loading=\"lazy\" class=\"alignnone size-medium wp-image-1258\" src=\"\/wp-content\/uploads\/sylabe\/2015\/05\/grpentadd.png\" alt=\"grpentadd\" width=\"64\" height=\"64\" \/><\/a><br \/>\n<a href=\"\/wp-content\/uploads\/sylabe\/2015\/05\/grpobj.png\"><img decoding=\"async\" loading=\"lazy\" class=\"alignnone size-medium wp-image-1259\" src=\"\/wp-content\/uploads\/sylabe\/2015\/05\/grpobj.png\" alt=\"grpobj\" width=\"64\" height=\"64\" \/> <\/a><a href=\"\/wp-content\/uploads\/sylabe\/2015\/05\/grpobjadd.png\"><img decoding=\"async\" loading=\"lazy\" class=\"alignnone size-medium wp-image-1260\" src=\"\/wp-content\/uploads\/sylabe\/2015\/05\/grpobjadd.png\" alt=\"grpobjadd\" width=\"64\" height=\"64\" \/><\/a> <a href=\"\/wp-content\/uploads\/sylabe\/2015\/05\/imenu.png\"><img decoding=\"async\" loading=\"lazy\" class=\"alignnone size-medium wp-image-1262\" src=\"\/wp-content\/uploads\/sylabe\/2015\/05\/imenu.png\" alt=\"imenu\" width=\"64\" height=\"64\" \/><\/a> <a href=\"\/wp-content\/uploads\/sylabe\/2015\/05\/sylabe.png\"><img decoding=\"async\" loading=\"lazy\" class=\"alignnone size-medium wp-image-1263\" src=\"\/wp-content\/uploads\/sylabe\/2015\/05\/sylabe.png\" alt=\"sylabe\" width=\"64\" height=\"64\" \/><\/a> <a href=\"\/wp-content\/uploads\/sylabe\/2015\/05\/time.png\"><img decoding=\"async\" loading=\"lazy\" class=\"alignnone size-medium wp-image-1264\" src=\"\/wp-content\/uploads\/sylabe\/2015\/05\/time.png\" alt=\"time\" width=\"64\" height=\"64\" \/><\/a><br \/>\n<a href=\"\/wp-content\/uploads\/sylabe\/2015\/07\/add1.png\"><img decoding=\"async\" loading=\"lazy\" src=\"\/wp-content\/uploads\/sylabe\/2015\/07\/add1.png\" alt=\"add\" width=\"64\" height=\"64\" \/><\/a> <a href=\"\/wp-content\/uploads\/sylabe\/2015\/07\/addent1.png\"><img decoding=\"async\" loading=\"lazy\" src=\"\/wp-content\/uploads\/sylabe\/2015\/07\/addent1.png\" alt=\"addent\" width=\"64\" height=\"64\" \/><\/a> <a href=\"\/wp-content\/uploads\/sylabe\/2015\/07\/addlnk1.png\"><img decoding=\"async\" loading=\"lazy\" src=\"\/wp-content\/uploads\/sylabe\/2015\/07\/addlnk1.png\" alt=\"addlnk\" width=\"64\" height=\"64\" \/><\/a> <a href=\"\/wp-content\/uploads\/sylabe\/2015\/07\/addobj1.png\"><img decoding=\"async\" loading=\"lazy\" src=\"\/wp-content\/uploads\/sylabe\/2015\/07\/addobj1.png\" alt=\"addobj\" width=\"64\" height=\"64\" \/><\/a> <a href=\"\/wp-content\/uploads\/sylabe\/2015\/07\/addtxt1.png\"><img decoding=\"async\" loading=\"lazy\" src=\"\/wp-content\/uploads\/sylabe\/2015\/07\/addtxt1.png\" alt=\"addtxt\" width=\"64\" height=\"64\" \/><\/a><br \/>\n<a href=\"\/wp-content\/uploads\/sylabe\/2015\/07\/idownload1.png\"><img decoding=\"async\" loading=\"lazy\" src=\"\/wp-content\/uploads\/sylabe\/2015\/07\/idownload1.png\" alt=\"idownload\" width=\"64\" height=\"64\" \/><\/a> <a href=\"\/wp-content\/uploads\/sylabe\/2015\/07\/imenu1.png\"><img decoding=\"async\" loading=\"lazy\" src=\"\/wp-content\/uploads\/sylabe\/2015\/07\/imenu1.png\" alt=\"imenu\" width=\"64\" height=\"64\" \/><\/a> <a href=\"\/wp-content\/uploads\/sylabe\/2015\/07\/imetrolog1.png\"><img decoding=\"async\" loading=\"lazy\" src=\"\/wp-content\/uploads\/sylabe\/2015\/07\/imetrolog1.png\" alt=\"imetrolog\" width=\"64\" height=\"64\" \/><\/a> <a href=\"\/wp-content\/uploads\/sylabe\/2015\/07\/imodify1.png\"><img decoding=\"async\" loading=\"lazy\" src=\"\/wp-content\/uploads\/sylabe\/2015\/07\/imodify1.png\" alt=\"imodify\" width=\"64\" height=\"64\" \/><\/a> <a href=\"\/wp-content\/uploads\/sylabe\/2015\/05\/module1.png\"><img decoding=\"async\" loading=\"lazy\" class=\"alignnone size-full wp-image-1003\" src=\"\/wp-content\/uploads\/sylabe\/2015\/05\/module1.png\" alt=\"module\" width=\"64\" height=\"64\" \/><\/a><br \/>\n<a href=\"\/wp-content\/uploads\/sylabe\/2015\/07\/key1.png\"><img decoding=\"async\" loading=\"lazy\" src=\"\/wp-content\/uploads\/sylabe\/2015\/07\/key1.png\" alt=\"key\" width=\"64\" height=\"64\" \/><\/a> <a href=\"\/wp-content\/uploads\/sylabe\/2015\/07\/lstent1.png\"><img decoding=\"async\" loading=\"lazy\" src=\"\/wp-content\/uploads\/sylabe\/2015\/07\/lstent1.png\" alt=\"lstent\" width=\"64\" height=\"64\" \/><\/a> <a href=\"\/wp-content\/uploads\/sylabe\/2015\/07\/lstobj1.png\"><img decoding=\"async\" loading=\"lazy\" src=\"\/wp-content\/uploads\/sylabe\/2015\/07\/lstobj1.png\" alt=\"lstobj\" width=\"64\" height=\"64\" \/><\/a> <a href=\"\/wp-content\/uploads\/sylabe\/2015\/07\/mchr1.png\"><img decoding=\"async\" loading=\"lazy\" src=\"\/wp-content\/uploads\/sylabe\/2015\/07\/mchr1.png\" alt=\"mchr\" width=\"64\" height=\"64\" \/><\/a> <a href=\"\/wp-content\/uploads\/sylabe\/2015\/07\/ment1.png\"><img decoding=\"async\" loading=\"lazy\" src=\"\/wp-content\/uploads\/sylabe\/2015\/07\/ment1.png\" alt=\"ment\" width=\"64\" height=\"64\" \/><\/a><br \/>\n<a href=\"\/wp-content\/uploads\/sylabe\/2015\/07\/mmsg1.png\"><img decoding=\"async\" loading=\"lazy\" src=\"\/wp-content\/uploads\/sylabe\/2015\/07\/mmsg1.png\" alt=\"mmsg\" width=\"64\" height=\"64\" \/><\/a> <a href=\"\/wp-content\/uploads\/sylabe\/2015\/07\/msglist1.png\"><img decoding=\"async\" loading=\"lazy\" src=\"\/wp-content\/uploads\/sylabe\/2015\/07\/msglist1.png\" alt=\"msglist\" width=\"64\" height=\"64\" \/><\/a> <a href=\"\/wp-content\/uploads\/sylabe\/2015\/07\/msgsent1.png\"><img decoding=\"async\" loading=\"lazy\" src=\"\/wp-content\/uploads\/sylabe\/2015\/07\/msgsent1.png\" alt=\"msgsent\" width=\"64\" height=\"64\" \/><\/a> <a href=\"\/wp-content\/uploads\/sylabe\/2015\/07\/oent1.png\"><img decoding=\"async\" loading=\"lazy\" src=\"\/wp-content\/uploads\/sylabe\/2015\/07\/oent1.png\" alt=\"oent\" width=\"64\" height=\"64\" \/><\/a> <a href=\"\/wp-content\/uploads\/sylabe\/2015\/07\/sylabe1.png\"><img decoding=\"async\" loading=\"lazy\" src=\"\/wp-content\/uploads\/sylabe\/2015\/07\/sylabe1.png\" alt=\"sylabe\" width=\"64\" height=\"64\" \/><\/a><br \/>\n<a href=\"\/wp-content\/uploads\/sylabe\/2015\/07\/synent1.png\"><img decoding=\"async\" loading=\"lazy\" src=\"\/wp-content\/uploads\/sylabe\/2015\/07\/synent1.png\" alt=\"synent\" width=\"64\" height=\"64\" \/><\/a> <a href=\"\/wp-content\/uploads\/sylabe\/2015\/07\/synlnk1.png\"><img decoding=\"async\" loading=\"lazy\" src=\"\/wp-content\/uploads\/sylabe\/2015\/07\/synlnk1.png\" alt=\"synlnk\" width=\"64\" height=\"64\" \/><\/a> <a href=\"\/wp-content\/uploads\/sylabe\/2015\/07\/synobj1.png\"><img decoding=\"async\" loading=\"lazy\" src=\"\/wp-content\/uploads\/sylabe\/2015\/07\/synobj1.png\" alt=\"synobj\" width=\"64\" height=\"64\" \/><\/a> <a href=\"\/wp-content\/uploads\/sylabe\/2015\/07\/world1.png\"><img decoding=\"async\" loading=\"lazy\" src=\"\/wp-content\/uploads\/sylabe\/2015\/07\/world1.png\" alt=\"world\" width=\"64\" height=\"64\" \/><\/a> <a href=\"\/wp-content\/uploads\/sylabe\/2015\/07\/nebfs1.png\"><img decoding=\"async\" loading=\"lazy\" src=\"\/wp-content\/uploads\/sylabe\/2015\/07\/nebfs1.png\" alt=\"nebfs\" width=\"64\" height=\"64\" \/><\/a><br \/>\n<a href=\"\/wp-content\/uploads\/sylabe\/2015\/08\/addobjmark1.png\"><img decoding=\"async\" loading=\"lazy\" class=\"alignnone size-full wp-image-998\" src=\"\/wp-content\/uploads\/sylabe\/2015\/08\/addobjmark1.png\" alt=\"addobjmark\" width=\"64\" height=\"64\" \/><\/a> <a href=\"\/wp-content\/uploads\/sylabe\/2015\/08\/unmarkall1.png\"><img decoding=\"async\" loading=\"lazy\" class=\"alignnone size-full wp-image-996\" src=\"\/wp-content\/uploads\/sylabe\/2015\/08\/unmarkall1.png\" alt=\"unmarkall\" width=\"64\" height=\"64\" \/><\/a> <a href=\"\/wp-content\/uploads\/sylabe\/2015\/08\/unmark1.png\"><img decoding=\"async\" loading=\"lazy\" class=\"alignnone size-full wp-image-995\" src=\"\/wp-content\/uploads\/sylabe\/2015\/08\/unmark1.png\" alt=\"unmark\" width=\"64\" height=\"64\" \/><\/a> <a href=\"\/wp-content\/uploads\/sylabe\/2015\/08\/mark1.png\"><img decoding=\"async\" loading=\"lazy\" class=\"alignnone size-full wp-image-994\" src=\"\/wp-content\/uploads\/sylabe\/2015\/08\/mark1.png\" alt=\"mark\" width=\"64\" height=\"64\" \/><\/a> <a href=\"\/wp-content\/uploads\/sylabe\/2015\/05\/ihlp2.png\"><img decoding=\"async\" loading=\"lazy\" class=\"alignnone size-medium wp-image-1261\" src=\"\/wp-content\/uploads\/sylabe\/2015\/05\/ihlp2.png\" alt=\"ihlp\" width=\"64\" height=\"64\" \/><\/a><br \/>\n<a href=\"\/wp-content\/uploads\/sylabe\/2014\/04\/warn1.png\"><img decoding=\"async\" loading=\"lazy\" src=\"\/wp-content\/uploads\/sylabe\/2014\/04\/warn1.png\" alt=\"warn\" width=\"64\" height=\"64\" \/><\/a> <a href=\"\/wp-content\/uploads\/sylabe\/2014\/04\/err1.png\"><img decoding=\"async\" loading=\"lazy\" src=\"\/wp-content\/uploads\/sylabe\/2014\/04\/err1.png\" alt=\"err\" width=\"64\" height=\"64\" \/><\/a> <a href=\"\/wp-content\/uploads\/sylabe\/2014\/04\/ok1.png\"><img decoding=\"async\" loading=\"lazy\" src=\"\/wp-content\/uploads\/sylabe\/2014\/04\/ok1.png\" alt=\"ok\" width=\"64\" height=\"64\" \/><\/a> <a href=\"\/wp-content\/uploads\/sylabe\/2015\/06\/info1.png\"><img decoding=\"async\" loading=\"lazy\" class=\"alignnone  wp-image-848\" src=\"\/wp-content\/uploads\/sylabe\/2015\/06\/info1.png\" alt=\"info\" width=\"64\" height=\"64\" srcset=\"\/wp-content\/uploads\/sylabe\/2015\/06\/info1.png 256w, \/wp-content\/uploads\/sylabe\/2015\/06\/info1-150x150.png 150w\" sizes=\"(max-width: 64px) 100vw, 64px\" \/><\/a><\/p>\n<p>Les ic\u00f4nes plus g\u00e9n\u00e9rale de <em>nebule<\/em> en cours d&rsquo;utilisation, sous licence (cc) BY-NC-SA :<\/p>\n<p style=\"text-align: center;\"><a href=\"\/wp-content\/uploads\/sylabe\/2015\/07\/lc1.png\"><img decoding=\"async\" loading=\"lazy\" src=\"\/wp-content\/uploads\/sylabe\/2015\/07\/lc1.png\" alt=\"lc\" width=\"64\" height=\"64\" \/><\/a>\u00c2\u00a0 <a href=\"\/wp-content\/uploads\/sylabe\/2015\/07\/ld1.png\"><img decoding=\"async\" loading=\"lazy\" src=\"\/wp-content\/uploads\/sylabe\/2015\/07\/ld1.png\" alt=\"ld\" width=\"64\" height=\"64\" \/><\/a>\u00c2\u00a0 <a href=\"\/wp-content\/uploads\/sylabe\/2015\/07\/le1.png\"><img decoding=\"async\" loading=\"lazy\" src=\"\/wp-content\/uploads\/sylabe\/2015\/07\/le1.png\" alt=\"le\" width=\"64\" height=\"64\" \/><\/a>\u00c2\u00a0 <a href=\"\/wp-content\/uploads\/sylabe\/2015\/07\/lf1.png\"><img decoding=\"async\" loading=\"lazy\" src=\"\/wp-content\/uploads\/sylabe\/2015\/07\/lf1.png\" alt=\"lf\" width=\"64\" height=\"64\" \/><\/a>\u00c2\u00a0 <a href=\"\/wp-content\/uploads\/sylabe\/2015\/07\/lk1.png\"><img decoding=\"async\" loading=\"lazy\" src=\"\/wp-content\/uploads\/sylabe\/2015\/07\/lk1.png\" alt=\"lk\" width=\"64\" height=\"64\" \/><\/a><br \/>\n<a href=\"\/wp-content\/uploads\/sylabe\/2015\/07\/ll1.png\"><img decoding=\"async\" loading=\"lazy\" src=\"\/wp-content\/uploads\/sylabe\/2015\/07\/ll1.png\" alt=\"ll\" width=\"64\" height=\"64\" \/><\/a>\u00c2\u00a0 <a href=\"\/wp-content\/uploads\/sylabe\/2015\/07\/lll1.png\"><img decoding=\"async\" loading=\"lazy\" src=\"\/wp-content\/uploads\/sylabe\/2015\/07\/lll1.png\" alt=\"lll\" width=\"64\" height=\"64\" \/><\/a>\u00c2\u00a0 <a href=\"\/wp-content\/uploads\/sylabe\/2015\/07\/ls1.png\"><img decoding=\"async\" loading=\"lazy\" src=\"\/wp-content\/uploads\/sylabe\/2015\/07\/ls1.png\" alt=\"ls\" width=\"64\" height=\"64\" \/><\/a>\u00c2\u00a0 <a href=\"\/wp-content\/uploads\/sylabe\/2015\/07\/lu1.png\"><img decoding=\"async\" loading=\"lazy\" src=\"\/wp-content\/uploads\/sylabe\/2015\/07\/lu1.png\" alt=\"lu\" width=\"64\" height=\"64\" \/><\/a>\u00c2\u00a0 <a href=\"\/wp-content\/uploads\/sylabe\/2015\/07\/lx1.png\"><img decoding=\"async\" loading=\"lazy\" src=\"\/wp-content\/uploads\/sylabe\/2015\/07\/lx1.png\" alt=\"lx\" width=\"64\" height=\"64\" \/><\/a><br \/>\n<a href=\"\/wp-content\/uploads\/sylabe\/2015\/07\/lo1.png\"><img decoding=\"async\" loading=\"lazy\" src=\"\/wp-content\/uploads\/sylabe\/2015\/07\/lo1.png\" alt=\"lo\" width=\"64\" height=\"64\" \/><\/a><\/p>\n<p>Les ic\u00f4nes qui ne sont plus utilis\u00e9es, sous licence (cc) BY-NC-SA :<\/p>\n<p style=\"text-align: center;\"><a href=\"\/wp-content\/uploads\/sylabe\/2014\/05\/lx1.png\"><img decoding=\"async\" loading=\"lazy\" src=\"\/wp-content\/uploads\/sylabe\/2014\/05\/lx1.png\" alt=\"lx\" width=\"64\" height=\"64\" \/><\/a> <a href=\"\/wp-content\/uploads\/sylabe\/2014\/05\/lu1.png\"><img decoding=\"async\" loading=\"lazy\" src=\"\/wp-content\/uploads\/sylabe\/2014\/05\/lu1.png\" alt=\"lu\" width=\"64\" height=\"64\" \/><\/a> <a href=\"\/wp-content\/uploads\/sylabe\/2014\/05\/ls1.png\"><img decoding=\"async\" loading=\"lazy\" src=\"\/wp-content\/uploads\/sylabe\/2014\/05\/ls1.png\" alt=\"ls\" width=\"64\" height=\"64\" \/><\/a> <a href=\"\/wp-content\/uploads\/sylabe\/2014\/05\/lll1.png\"><img decoding=\"async\" loading=\"lazy\" src=\"\/wp-content\/uploads\/sylabe\/2014\/05\/lll1.png\" alt=\"lll\" width=\"64\" height=\"64\" \/><\/a> <a href=\"\/wp-content\/uploads\/sylabe\/2014\/05\/ll1.png\"><img decoding=\"async\" loading=\"lazy\" src=\"\/wp-content\/uploads\/sylabe\/2014\/05\/ll1.png\" alt=\"ll\" width=\"64\" height=\"64\" \/><\/a><br \/>\n<a href=\"\/wp-content\/uploads\/sylabe\/2014\/05\/lk1.png\"><img decoding=\"async\" loading=\"lazy\" src=\"\/wp-content\/uploads\/sylabe\/2014\/05\/lk1.png\" alt=\"lk\" width=\"64\" height=\"64\" \/><\/a> <a href=\"\/wp-content\/uploads\/sylabe\/2014\/05\/lf1.png\"><img decoding=\"async\" loading=\"lazy\" src=\"\/wp-content\/uploads\/sylabe\/2014\/05\/lf1.png\" alt=\"lf\" width=\"64\" height=\"64\" \/><\/a> <a href=\"\/wp-content\/uploads\/sylabe\/2014\/05\/le1.png\"><img decoding=\"async\" loading=\"lazy\" src=\"\/wp-content\/uploads\/sylabe\/2014\/05\/le1.png\" alt=\"le\" width=\"64\" height=\"64\" \/><\/a> <a href=\"\/wp-content\/uploads\/sylabe\/2014\/05\/ld1.png\"><img decoding=\"async\" loading=\"lazy\" src=\"\/wp-content\/uploads\/sylabe\/2014\/05\/ld1.png\" alt=\"ld\" width=\"64\" height=\"64\" \/><\/a> <a href=\"\/wp-content\/uploads\/sylabe\/2015\/06\/lc1.png\"><img decoding=\"async\" loading=\"lazy\" src=\"\/wp-content\/uploads\/sylabe\/2015\/06\/lc1.png\" alt=\"lc\" width=\"64\" height=\"64\" \/><\/a><br \/>\n<a href=\"\/wp-content\/uploads\/sylabe\/2014\/05\/lo1.png\"><img decoding=\"async\" loading=\"lazy\" src=\"\/wp-content\/uploads\/sylabe\/2014\/05\/lo1.png\" alt=\"lo\" width=\"64\" height=\"64\" \/> <\/a><a href=\"\/wp-content\/uploads\/sylabe\/2015\/07\/ihlp1.png\"><img decoding=\"async\" loading=\"lazy\" src=\"\/wp-content\/uploads\/sylabe\/2015\/07\/ihlp1.png\" alt=\"ihlp\" width=\"64\" height=\"64\" \/><\/a><a href=\"\/wp-content\/uploads\/sylabe\/2014\/05\/lo1.png\"><br \/>\n<\/a><\/p>\n<p style=\"text-align: center;\"><a href=\"\/wp-content\/uploads\/sylabe\/2014\/05\/imetrolog1.png\"><img decoding=\"async\" loading=\"lazy\" src=\"\/wp-content\/uploads\/sylabe\/2014\/05\/imetrolog1.png\" alt=\"imetrolog\" width=\"64\" height=\"64\" \/><\/a> <a href=\"\/wp-content\/uploads\/sylabe\/2014\/05\/mchr1.png\"><img decoding=\"async\" loading=\"lazy\" src=\"\/wp-content\/uploads\/sylabe\/2014\/05\/mchr1.png\" alt=\"mchr\" width=\"64\" height=\"64\" \/><\/a> <a href=\"\/wp-content\/uploads\/sylabe\/2014\/05\/ment1.png\"><img decoding=\"async\" loading=\"lazy\" src=\"\/wp-content\/uploads\/sylabe\/2014\/05\/ment1.png\" alt=\"ment\" width=\"64\" height=\"64\" \/><\/a> <a href=\"\/wp-content\/uploads\/sylabe\/2014\/05\/mobj1.png\"><img decoding=\"async\" loading=\"lazy\" src=\"\/wp-content\/uploads\/sylabe\/2014\/05\/mobj1.png\" alt=\"mobj\" width=\"64\" height=\"64\" \/><\/a> <a href=\"\/wp-content\/uploads\/sylabe\/2014\/12\/imodify1.png\"><img decoding=\"async\" loading=\"lazy\" src=\"\/wp-content\/uploads\/sylabe\/2014\/12\/imodify1.png\" alt=\"imodify\" width=\"64\" height=\"64\" \/><\/a><br \/>\n<a href=\"\/wp-content\/uploads\/sylabe\/2015\/05\/add1.png\"><img decoding=\"async\" loading=\"lazy\" src=\"\/wp-content\/uploads\/sylabe\/2015\/05\/add1.png\" alt=\"add\" width=\"64\" height=\"64\" \/><\/a> <a href=\"\/wp-content\/uploads\/sylabe\/2015\/05\/addent1.png\"><img decoding=\"async\" loading=\"lazy\" src=\"\/wp-content\/uploads\/sylabe\/2015\/05\/addent1.png\" alt=\"addent\" width=\"64\" height=\"64\" \/><\/a> <a href=\"\/wp-content\/uploads\/sylabe\/2015\/05\/addlnk1.png\"><img decoding=\"async\" loading=\"lazy\" src=\"\/wp-content\/uploads\/sylabe\/2015\/05\/addlnk1.png\" alt=\"addlnk\" width=\"64\" height=\"64\" \/><\/a> <a href=\"\/wp-content\/uploads\/sylabe\/2015\/05\/addobj1.png\"><img decoding=\"async\" loading=\"lazy\" src=\"\/wp-content\/uploads\/sylabe\/2015\/05\/addobj1.png\" alt=\"addobj\" width=\"64\" height=\"64\" \/><\/a> <a href=\"\/wp-content\/uploads\/sylabe\/2015\/05\/lstent1.png\"><img decoding=\"async\" loading=\"lazy\" src=\"\/wp-content\/uploads\/sylabe\/2015\/05\/lstent1.png\" alt=\"lstent\" width=\"64\" height=\"64\" \/><\/a><br \/>\n<a href=\"\/wp-content\/uploads\/sylabe\/2015\/05\/lstobj1.png\"><img decoding=\"async\" loading=\"lazy\" src=\"\/wp-content\/uploads\/sylabe\/2015\/05\/lstobj1.png\" alt=\"lstobj\" width=\"64\" height=\"64\" \/><\/a> <a href=\"\/wp-content\/uploads\/sylabe\/2015\/05\/synent1.png\"><img decoding=\"async\" loading=\"lazy\" src=\"\/wp-content\/uploads\/sylabe\/2015\/05\/synent1.png\" alt=\"synent\" width=\"64\" height=\"64\" \/><\/a> <a href=\"\/wp-content\/uploads\/sylabe\/2015\/05\/synlnk1.png\"><img decoding=\"async\" loading=\"lazy\" src=\"\/wp-content\/uploads\/sylabe\/2015\/05\/synlnk1.png\" alt=\"synlnk\" width=\"64\" height=\"64\" \/><\/a> <a href=\"\/wp-content\/uploads\/sylabe\/2015\/05\/synobj1.png\"><img decoding=\"async\" loading=\"lazy\" src=\"\/wp-content\/uploads\/sylabe\/2015\/05\/synobj1.png\" alt=\"synobj\" width=\"64\" height=\"64\" \/><\/a> <a href=\"\/wp-content\/uploads\/sylabe\/2015\/05\/idownload1.png\"><img decoding=\"async\" loading=\"lazy\" src=\"\/wp-content\/uploads\/sylabe\/2015\/05\/idownload1.png\" alt=\"idownload\" width=\"64\" height=\"64\" \/><\/a><br \/>\n<a href=\"\/wp-content\/uploads\/sylabe\/2015\/05\/mmsg1.png\"><img decoding=\"async\" loading=\"lazy\" src=\"\/wp-content\/uploads\/sylabe\/2015\/05\/mmsg1.png\" alt=\"mmsg\" width=\"64\" height=\"64\" \/><\/a> <a href=\"\/wp-content\/uploads\/sylabe\/2015\/05\/ihlp1.png\"><img decoding=\"async\" loading=\"lazy\" src=\"\/wp-content\/uploads\/sylabe\/2015\/05\/ihlp1.png\" alt=\"ihlp\" width=\"64\" height=\"64\" \/><\/a> <a href=\"\/wp-content\/uploads\/sylabe\/2015\/05\/msglist1.png\"><img decoding=\"async\" loading=\"lazy\" src=\"\/wp-content\/uploads\/sylabe\/2015\/05\/msglist1.png\" alt=\"msglist\" width=\"64\" height=\"64\" \/><\/a> <a href=\"\/wp-content\/uploads\/sylabe\/2015\/05\/msgsent1.png\"><img decoding=\"async\" loading=\"lazy\" src=\"\/wp-content\/uploads\/sylabe\/2015\/05\/msgsent1.png\" alt=\"msgsent\" width=\"64\" height=\"64\" \/><\/a> <a href=\"\/wp-content\/uploads\/sylabe\/2014\/05\/key1.png\"><img decoding=\"async\" loading=\"lazy\" src=\"\/wp-content\/uploads\/sylabe\/2014\/05\/key1.png\" alt=\"key\" width=\"64\" height=\"64\" \/><\/a><br \/>\n<a href=\"\/wp-content\/uploads\/sylabe\/2015\/06\/addtxt1.png\"><img decoding=\"async\" loading=\"lazy\" src=\"\/wp-content\/uploads\/sylabe\/2015\/06\/addtxt1.png\" alt=\"addtxt\" width=\"64\" height=\"64\" \/><\/a><\/p>\n<p style=\"text-align: center;\"><a href=\"http:\/\/blog.sylabe.org\/wp-uploads\/sylabe\/2013\/10\/ld.png\"><img decoding=\"async\" loading=\"lazy\" class=\"alignnone size-full wp-image-210\" src=\"http:\/\/blog.sylabe.org\/wp-uploads\/sylabe\/2013\/10\/ld.png\" alt=\"ld\" width=\"64\" height=\"64\" \/><\/a> <a href=\"http:\/\/blog.sylabe.org\/wp-uploads\/sylabe\/2013\/10\/le.png\"><img decoding=\"async\" loading=\"lazy\" class=\"alignnone size-full wp-image-211\" src=\"http:\/\/blog.sylabe.org\/wp-uploads\/sylabe\/2013\/10\/le.png\" alt=\"le\" width=\"64\" height=\"64\" \/><\/a> <a href=\"http:\/\/blog.sylabe.org\/wp-uploads\/sylabe\/2013\/10\/lf.png\"><img decoding=\"async\" loading=\"lazy\" class=\"alignnone size-full wp-image-212\" src=\"http:\/\/blog.sylabe.org\/wp-uploads\/sylabe\/2013\/10\/lf.png\" alt=\"lf\" width=\"64\" height=\"64\" \/><\/a> <a href=\"http:\/\/blog.sylabe.org\/wp-uploads\/sylabe\/2013\/10\/lk.png\"><img decoding=\"async\" loading=\"lazy\" class=\"alignnone size-full wp-image-213\" src=\"http:\/\/blog.sylabe.org\/wp-uploads\/sylabe\/2013\/10\/lk.png\" alt=\"lk\" width=\"64\" height=\"64\" \/><\/a> <a href=\"http:\/\/blog.sylabe.org\/wp-uploads\/sylabe\/2013\/10\/ll.png\"><img decoding=\"async\" loading=\"lazy\" class=\"alignnone size-full wp-image-214\" src=\"http:\/\/blog.sylabe.org\/wp-uploads\/sylabe\/2013\/10\/ll.png\" alt=\"ll\" width=\"64\" height=\"64\" \/><\/a><br \/>\n<a href=\"http:\/\/blog.sylabe.org\/wp-uploads\/sylabe\/2013\/10\/lll.png\"><img decoding=\"async\" loading=\"lazy\" class=\"alignnone size-full wp-image-215\" src=\"http:\/\/blog.sylabe.org\/wp-uploads\/sylabe\/2013\/10\/lll.png\" alt=\"lll\" width=\"64\" height=\"64\" \/><\/a> <a href=\"http:\/\/blog.sylabe.org\/wp-uploads\/sylabe\/2013\/10\/lo.png\"><img decoding=\"async\" loading=\"lazy\" class=\"alignnone size-full wp-image-216\" src=\"http:\/\/blog.sylabe.org\/wp-uploads\/sylabe\/2013\/10\/lo.png\" alt=\"lo\" width=\"64\" height=\"64\" \/><\/a> <a href=\"http:\/\/blog.sylabe.org\/wp-uploads\/sylabe\/2013\/10\/ls.png\"><img decoding=\"async\" loading=\"lazy\" class=\"alignnone size-full wp-image-217\" src=\"http:\/\/blog.sylabe.org\/wp-uploads\/sylabe\/2013\/10\/ls.png\" alt=\"ls\" width=\"64\" height=\"64\" \/><\/a> <a href=\"http:\/\/blog.sylabe.org\/wp-uploads\/sylabe\/2013\/10\/lu.png\"><img decoding=\"async\" loading=\"lazy\" class=\"alignnone size-full wp-image-218\" src=\"http:\/\/blog.sylabe.org\/wp-uploads\/sylabe\/2013\/10\/lu.png\" alt=\"lu\" width=\"64\" height=\"64\" \/><\/a> <a href=\"http:\/\/blog.sylabe.org\/wp-uploads\/sylabe\/2013\/10\/lx.png\"><img decoding=\"async\" loading=\"lazy\" class=\"alignnone size-full wp-image-219\" src=\"http:\/\/blog.sylabe.org\/wp-uploads\/sylabe\/2013\/10\/lx.png\" alt=\"lx\" width=\"64\" height=\"64\" \/><\/a><a href=\"\/wp-content\/uploads\/sylabe\/2014\/05\/lc1.png\"><br \/>\n<img decoding=\"async\" loading=\"lazy\" class=\"alignnone size-full wp-image-570\" src=\"\/wp-content\/uploads\/sylabe\/2014\/05\/lc1.png\" alt=\"lc\" width=\"64\" height=\"64\" \/><\/a><\/p>\n","protected":false},"excerpt":{"rendered":"<p>Les ic\u00f4nes de l&rsquo;interface de sylabe en cours d&rsquo;utilisation, sous licence (cc) BY-NC-SA : Les ic\u00f4nes plus g\u00e9n\u00e9rale de nebule en cours d&rsquo;utilisation, sous licence (cc) BY-NC-SA : \u00c2\u00a0 \u00c2\u00a0 \u00c2\u00a0 \u00c2\u00a0 \u00c2\u00a0 \u00c2\u00a0 \u00c2\u00a0 \u00c2\u00a0 Les ic\u00f4nes qui ne sont plus utilis\u00e9es, sous licence (cc) BY-NC-SA :<\/p>\n","protected":false},"author":1,"featured_media":0,"parent":0,"menu_order":7,"comment_status":"open","ping_status":"open","template":"","meta":[],"_links":{"self":[{"href":"http:\/\/blog.sylabe.org\/index.php?rest_route=\/wp\/v2\/pages\/833"}],"collection":[{"href":"http:\/\/blog.sylabe.org\/index.php?rest_route=\/wp\/v2\/pages"}],"about":[{"href":"http:\/\/blog.sylabe.org\/index.php?rest_route=\/wp\/v2\/types\/page"}],"author":[{"embeddable":true,"href":"http:\/\/blog.sylabe.org\/index.php?rest_route=\/wp\/v2\/users\/1"}],"replies":[{"embeddable":true,"href":"http:\/\/blog.sylabe.org\/index.php?rest_route=%2Fwp%2Fv2%2Fcomments&post=833"}],"version-history":[{"count":4,"href":"http:\/\/blog.sylabe.org\/index.php?rest_route=\/wp\/v2\/pages\/833\/revisions"}],"predecessor-version":[{"id":1280,"href":"http:\/\/blog.sylabe.org\/index.php?rest_route=\/wp\/v2\/pages\/833\/revisions\/1280"}],"wp:attachment":[{"href":"http:\/\/blog.sylabe.org\/index.php?rest_route=%2Fwp%2Fv2%2Fmedia&parent=833"}],"curies":[{"name":"wp","href":"https:\/\/api.w.org\/{rel}","templated":true}]}}