{"id":435,"date":"2014-03-06T13:02:42","date_gmt":"2014-03-06T11:02:42","guid":{"rendered":"http:\/\/blog.sylabe.org\/?page_id=435"},"modified":"2014-03-06T13:02:42","modified_gmt":"2014-03-06T11:02:42","slug":"variables","status":"publish","type":"page","link":"http:\/\/blog.sylabe.org\/?page_id=435","title":{"rendered":"Variables"},"content":{"rendered":"<h2>Variables<\/h2>\n<p>Variables par d\u00e9faut de la librairie <a title=\"Projet nebule\" href=\"http:\/\/www.nebule.org\" target=\"_blank\">nebule<\/a> en <em>php<\/em> :<br \/>\n<strong><span style=\"color: #ff0000;\"><span style=\"text-decoration: underline;\">\/!<\/span> Ces variables <span style=\"text-decoration: underline;\">par d\u00e9faut<\/span> sont remplac\u00e9es par <em>sylabe<\/em> et peuvent diff\u00e9rentes des <a title=\"nebule - Variables\" href=\"http:\/\/blog.nebule.org\/?page_id=1455\" target=\"_blank\">variables par d\u00e9faut<\/a> de la librairie <em>nebule<\/em>. <span style=\"text-decoration: underline;\">\/!<\/span><\/span><\/strong><br \/>\nCes variables peuvent \u00eatre modifi\u00e9es via le fichier d&rsquo;environnement <code>env_nebule.php<\/code>.<\/p>\n<table border=\"1\">\n<tbody>\n<tr>\n<td><b>Nom de variable<\/b><\/td>\n<td><b>Valeur par d\u00e9faut<br \/>\n<\/b><\/td>\n<td><b>Description<\/b><\/td>\n<\/tr>\n<tr>\n<td><code>$nebule_checksign<\/code><\/td>\n<td>bool(true)<\/td>\n<td style=\"text-align: justify;\">[FR] Autorise ou non la v\u00e9rification de la signature des liens. Utilis\u00e9 par la fonction <code>_l_vr<\/code> et surtout lors d&rsquo;un transfert. Devrait toujours \u00eatre \u00e0 <span style=\"text-decoration: underline;\">true<\/span>.<br \/>\n[EN] Permit or not links signs inspection. Used by function <code>_l_vr<\/code>, on links read and load. Should always be <span style=\"text-decoration: underline;\">true<\/span>.<br \/>\n[ES] &#8230;<\/td>\n<\/tr>\n<tr>\n<td><code>$nebule_listchecklinks<\/code><\/td>\n<td>bool(true)<\/td>\n<td style=\"text-align: justify;\">[FR] Autorise ou non la v\u00e9rification de la validit\u00e9 des liens lors de leur lecture, signature compris. Utilis\u00e9 par la fonction <code>_l_ls1<\/code>. Affecte les performances.<br \/>\n[EN] Permit or not on the read verification of links and signs. Used by function <code>_l_ls1<\/code>. Affects performance.<br \/>\n[ES] &#8230;<\/td>\n<\/tr>\n<tr>\n<td><code>$nebule_permitcreatelink<\/code><\/td>\n<td>bool(false)<\/td>\n<td style=\"text-align: justify;\">[FR] Autorise ou non la cr\u00e9ation de nouveaux liens par le code <code>php<\/code>. Utilis\u00e9 par les fonctions <code>_e_gen<\/code>, <code>_o_prt<\/code>, <code>_o_uprt<\/code>, <code>_l_wr<\/code>, <code>_l_gen<\/code> et <code>__io_lw<\/code>.<br \/>\n[EN] Permit or not new link creation by <code>php<\/code> code. Used by functions <code>_e_gen<\/code>, <code>_o_prt<\/code>, <code>_o_uprt<\/code>, <code>_l_wr<\/code>, <code>_l_gen<\/code> and <code>__io_lw<\/code>.<br \/>\n[ES] &#8230;<\/td>\n<\/tr>\n<tr>\n<td><code>$nebule_permitcreateobj<\/code><\/td>\n<td>bool(false)<\/td>\n<td style=\"text-align: justify;\">[FR] Autorise ou non la cr\u00e9ation de nouveaux objets par le code <code>php<\/code>. Utilis\u00e9 par les fonctions <code>_e_gen<\/code>, <code>_o_gen<\/code>, <code>_o_wr<\/code>, <code>_o_prt<\/code>, <code>_o_uprt<\/code>, <code>_o_del<\/code> et <code>__io_ow<\/code>.<br \/>\n[EN] Permit or not new object creation by <code>php<\/code> code. Used by functions <code>_e_gen<\/code>, <code>_o_gen<\/code>, <code>_o_wr<\/code>, <code>_o_prt<\/code>, <code>_o_uprt<\/code>, <code>_o_del<\/code> and <code>__io_ow<\/code>.<br \/>\n[ES] &#8230;<\/td>\n<\/tr>\n<tr>\n<td><code>$nebule_permitcreatentity<\/code><\/td>\n<td>bool(false)<\/td>\n<td style=\"text-align: justify;\">[FR] Autorise ou non la cr\u00e9ation de nouvelles entit\u00e9s par le code <code>php<\/code>. Utilis\u00e9 par la fonction <code>_e_gen<\/code>.<br \/>\n[EN] Permit or not the create of new entity by <code>php<\/code> code. Used by function <code>_e_gen<\/code>.<br \/>\n[ES] &#8230;<\/td>\n<\/tr>\n<tr>\n<td><code>$nebule_permitsynclink<\/code><\/td>\n<td>bool(false)<\/td>\n<td style=\"text-align: justify;\">[FR] Autorise ou non le transfert de liens depuis un autre serveur nebule. Utilis\u00e9 par la fonction <code>_l_dl1<\/code>.<br \/>\n[EN] Permit or not links download from others nebule servers. Used by function <code>_l_dl1<\/code>.<br \/>\n[ES] &#8230;<\/td>\n<\/tr>\n<tr>\n<td><code>$nebule_permitsyncobject<\/code><\/td>\n<td>bool(false)<\/td>\n<td style=\"text-align: justify;\">[FR] Autorise ou non le transfert d&rsquo;objets depuis un autre serveur nebule. Utilis\u00e9 par la fonction <code>_o_dl1<\/code>.<br \/>\n[EN] Permit or not objects download from others nebule servers. Used by function <code>_o_dl1<\/code>.<br \/>\n[ES] &#8230;<\/td>\n<\/tr>\n<\/tbody>\n<\/table>\n<p>&nbsp;<\/p>\n<p>Variables par d\u00e9faut de sylabe :<br \/>\nCes variables peuvent \u00eatre modifi\u00e9es via le fichier d&rsquo;environnement <code>env_sylabe.php<\/code>.<\/p>\n<table border=\"1\">\n<tbody>\n<tr>\n<td><b>Nom de variable<\/b><\/td>\n<td><b>Valeur par d\u00e9faut<br \/>\n<\/b><\/td>\n<td><b>Description<\/b><\/td>\n<\/tr>\n<tr>\n<td><code>$sylabe_affuntrustedsign<\/code><\/td>\n<td>bool(true)<\/td>\n<td style=\"text-align: justify;\">[FR] Affiche ou non le r\u00e9sultat de la v\u00e9rification des liens, mode d&rsquo;affichage <code>lnk<\/code> uniquement.<br \/>\n[EN] Display or not results of links verify, on <code>lnk<\/code> display mode only.<br \/>\n[ES] &#8230;<\/td>\n<\/tr>\n<tr>\n<td><code>$sylabe_hidedevmods<\/code><\/td>\n<td>bool(false)<\/td>\n<td style=\"text-align: justify;\">[FR] Bascule l&rsquo;affichage entre le mode de d\u00e9veloppement et le mode \u00e9pur\u00e9.<br \/>\n[EN] Switch display between development mode and quiet mode.<br \/>\n[ES] &#8230;<\/td>\n<\/tr>\n<tr>\n<td><code>$sylabe_permitsendlink<\/code><\/td>\n<td>bool(false)<\/td>\n<td style=\"text-align: justify;\">[FR] Autorise ou non le transfert de liens vers ce serveur.<br \/>\n[EN] Permit or not links upload to this server.<br \/>\n[ES] &#8230;<\/td>\n<\/tr>\n<tr>\n<td><code>$sylabe_permitsendobject<\/code><\/td>\n<td>bool(false)<\/td>\n<td style=\"text-align: justify;\">[FR] Autorise ou non le transfert d&rsquo;objets vers ce serveur.<br \/>\n[EN] Permit or not objects upload to this server.<br \/>\n[ES] &#8230;<\/td>\n<\/tr>\n<tr>\n<td><code>$sylabe_permitpubcreatentity<\/code><\/td>\n<td>bool(false)<\/td>\n<td style=\"text-align: justify;\">[FR] Autorise ou non la cr\u00e9ation d&rsquo;une entit\u00e9 (autonome) de fa\u00e7on publique, c&rsquo;est \u00e0 dire m\u00eame si aucune entit\u00e9 n&rsquo;est pr\u00e9alablement d\u00e9verrouill\u00e9e. Doit \u00eatre \u00e0 <span style=\"text-decoration: underline;\">false<\/span> sur un serveur public.<br \/>\n[EN] Permit or not the create of new entity (autonomous) publicly, event if there&rsquo;s no previously unlocked entity. Must be <span style=\"text-decoration: underline;\">false<\/span> on public server.<br \/>\n[ES] &#8230;<\/td>\n<\/tr>\n<tr>\n<td><code>$sylabe_permitaskbootstrap<\/code><\/td>\n<td>bool(false)<\/td>\n<td style=\"text-align: justify;\">[FR] Autorise ou non le passage de consigne au <i>bootstrap<\/i> pour s\u00e9lectionner une version de sylabe et de la librairie. Doit \u00eatre \u00e0 <span style=\"text-decoration: underline;\">false<\/span> sur un serveur public.<br \/>\n[EN] Permit or not the sending of commands to the <i>bootstrap<\/i> which select sylabe version and library version. Must be <span style=\"text-decoration: underline;\">false<\/span> on public server.<br \/>\n[ES] &#8230;<\/td>\n<\/tr>\n<tr>\n<td><code>$sylabe_affonlinehelp<\/code><\/td>\n<td>bool(true)<\/td>\n<td style=\"text-align: justify;\">[FR] Autorise ou non l&rsquo;affichage de l&rsquo;aide en ligne.<br \/>\n[EN] Permit or not the online help.<br \/>\n[ES] &#8230;<\/td>\n<\/tr>\n<tr>\n<td><code>$sylabe_permitfollowcss<\/code><\/td>\n<td>bool(true)<\/td>\n<td style=\"text-align: justify;\">[FR] Autorise ou non l&rsquo;utilisation d&rsquo;une feuille de style (CSS) personnalis\u00e9e.<br \/>\n[EN] Permit or not the use of custom style sheets (CSS).<br \/>\n[ES] &#8230;<\/td>\n<\/tr>\n<tr>\n<td><code>$sylabe_permitphpcss<\/code><\/td>\n<td>bool(false)<\/td>\n<td style=\"text-align: justify;\">[FR] Autorise ou non l&rsquo;utilisation de code php dans la feuille de style (CSS).<br \/>\n[EN] Permit or not the use of php code in the style sheets (CSS).<br \/>\n[ES] &#8230;<\/td>\n<\/tr>\n<tr>\n<td><code>$sylabe_showvars<\/code><\/td>\n<td>bool(false)<\/td>\n<td style=\"text-align: justify;\">[FR] Affiche ou non les variables internes, mode d&rsquo;affichage <code>log<\/code> uniquement.<br \/>\n[EN] Display or not internals variables, on <code>log<\/code> display mode only.<br \/>\n[ES] &#8230;<\/td>\n<\/tr>\n<tr>\n<td><code>$sylabe_timedebugg<\/code><\/td>\n<td>bool(false)<\/td>\n<td style=\"text-align: justify;\">[FR] Affiche les temps de traitements interm\u00e9diaires, en ligne.<br \/>\n[EN] Display inline woking times on the flow.<br \/>\n[ES] &#8230;<\/td>\n<\/tr>\n<tr>\n<td><code>$sylabe_upfile_maxsize<\/code><\/td>\n<td>int(10000000)<\/td>\n<td style=\"text-align: justify;\">[FR] D\u00e9finit la taille maximale en octets (apr\u00e8s uuencode) des fichiers lors d&rsquo;un t\u00e9l\u00e9chargement vers ce serveur.<br \/>\n[EN] Define max size in bytes (after uuencode) of uploaded files on this server.<br \/>\n[ES] &#8230;<\/td>\n<\/tr>\n<\/tbody>\n<\/table>\n<p>&nbsp;<\/p>\n<p>Les variables en ligne :<\/p>\n<p><em>\u00e0 faire&#8230;<\/em><\/p>\n<p>Les fichiers sp\u00e9ciaux :<\/p>\n<p><em>\u00e0 faire&#8230;<\/em><\/p>\n","protected":false},"excerpt":{"rendered":"<p>Variables Variables par d\u00e9faut de la librairie nebule en php : \/! Ces variables par d\u00e9faut sont remplac\u00e9es par sylabe et peuvent diff\u00e9rentes des variables par d\u00e9faut de la librairie nebule. \/! Ces variables peuvent \u00eatre modifi\u00e9es via le fichier d&rsquo;environnement env_nebule.php. Nom de variable Valeur par d\u00e9faut Description $nebule_checksign bool(true) [FR] Autorise ou non &hellip; <a href=\"http:\/\/blog.sylabe.org\/?page_id=435\" class=\"more-link\">Continuer la lecture de <span class=\"screen-reader-text\">Variables<\/span><\/a><\/p>\n","protected":false},"author":1,"featured_media":0,"parent":0,"menu_order":7,"comment_status":"open","ping_status":"open","template":"","meta":[],"_links":{"self":[{"href":"http:\/\/blog.sylabe.org\/index.php?rest_route=\/wp\/v2\/pages\/435"}],"collection":[{"href":"http:\/\/blog.sylabe.org\/index.php?rest_route=\/wp\/v2\/pages"}],"about":[{"href":"http:\/\/blog.sylabe.org\/index.php?rest_route=\/wp\/v2\/types\/page"}],"author":[{"embeddable":true,"href":"http:\/\/blog.sylabe.org\/index.php?rest_route=\/wp\/v2\/users\/1"}],"replies":[{"embeddable":true,"href":"http:\/\/blog.sylabe.org\/index.php?rest_route=%2Fwp%2Fv2%2Fcomments&post=435"}],"version-history":[{"count":0,"href":"http:\/\/blog.sylabe.org\/index.php?rest_route=\/wp\/v2\/pages\/435\/revisions"}],"wp:attachment":[{"href":"http:\/\/blog.sylabe.org\/index.php?rest_route=%2Fwp%2Fv2%2Fmedia&parent=435"}],"curies":[{"name":"wp","href":"https:\/\/api.w.org\/{rel}","templated":true}]}}