{"id":393,"date":"2014-02-08T13:21:28","date_gmt":"2014-02-08T11:21:28","guid":{"rendered":"http:\/\/blog.sylabe.org\/?page_id=393"},"modified":"2014-02-08T13:21:28","modified_gmt":"2014-02-08T11:21:28","slug":"screenshot","status":"publish","type":"page","link":"http:\/\/blog.sylabe.org\/?page_id=393","title":{"rendered":"Screenshot"},"content":{"rendered":"<h2>Captures d&rsquo;\u00e9crans du projet <em>sylabe<\/em><\/h2>\n<p>Les derni\u00e8res captures :<\/p>\n<p style=\"text-align: center;\"><a href=\"\/wp-content\/uploads\/sylabe\/2015\/10\/20151009-1st-sylabe_-_developpement_bachue_-_2015-10-09_17.35.351.png\"><img decoding=\"async\" loading=\"lazy\" class=\"alignnone size-medium wp-image-1017 aligncenter\" alt=\"20151009 1st sylabe_-_developpement_bachue_-_2015-10-09_17.35.35\" src=\"\/wp-content\/uploads\/sylabe\/2015\/10\/20151009-1st-sylabe_-_developpement_bachue_-_2015-10-09_17.35.351-600x408.png\" width=\"600\" height=\"408\" srcset=\"\/wp-content\/uploads\/sylabe\/2015\/10\/20151009-1st-sylabe_-_developpement_bachue_-_2015-10-09_17.35.351-600x408.png 600w, \/wp-content\/uploads\/sylabe\/2015\/10\/20151009-1st-sylabe_-_developpement_bachue_-_2015-10-09_17.35.351.png 1024w\" sizes=\"(max-width: 600px) 100vw, 600px\" \/><\/a>La page de bienvenue \u00e0 la premi\u00e8re connexion sur le serveur.<\/p>\n<p style=\"text-align: center;\"><a href=\"\/wp-content\/uploads\/sylabe\/2015\/10\/20151009-menu-principal-sylabe_-_developpement_bachue_-_2015-10-09_17.36.071.png\"><img decoding=\"async\" loading=\"lazy\" class=\"alignnone size-medium wp-image-1018\" alt=\"20151009 menu principal sylabe_-_developpement_bachue_-_2015-10-09_17.36.07\" src=\"\/wp-content\/uploads\/sylabe\/2015\/10\/20151009-menu-principal-sylabe_-_developpement_bachue_-_2015-10-09_17.36.071-600x408.png\" width=\"600\" height=\"408\" srcset=\"\/wp-content\/uploads\/sylabe\/2015\/10\/20151009-menu-principal-sylabe_-_developpement_bachue_-_2015-10-09_17.36.071-600x408.png 600w, \/wp-content\/uploads\/sylabe\/2015\/10\/20151009-menu-principal-sylabe_-_developpement_bachue_-_2015-10-09_17.36.071.png 1024w\" sizes=\"(max-width: 600px) 100vw, 600px\" \/><\/a><br \/>\nLe menu principal avec les applications disponibles. Il est toujours accessible via l&rsquo;ic\u00f4ne en haut \u00e0 gauche.<\/p>\n<p style=\"text-align: center;\"><a href=\"\/wp-content\/uploads\/sylabe\/2015\/10\/20151009-langues-sylabe_-_developpement_bachue_-_2015-10-09_18.48.561.png\"><img decoding=\"async\" loading=\"lazy\" class=\"alignnone size-medium wp-image-1020\" alt=\"20151009 langues sylabe_-_developpement_bachue_-_2015-10-09_18.48.56\" src=\"\/wp-content\/uploads\/sylabe\/2015\/10\/20151009-langues-sylabe_-_developpement_bachue_-_2015-10-09_18.48.561-600x408.png\" width=\"600\" height=\"408\" srcset=\"\/wp-content\/uploads\/sylabe\/2015\/10\/20151009-langues-sylabe_-_developpement_bachue_-_2015-10-09_18.48.561-600x408.png 600w, \/wp-content\/uploads\/sylabe\/2015\/10\/20151009-langues-sylabe_-_developpement_bachue_-_2015-10-09_18.48.561.png 1024w\" sizes=\"(max-width: 600px) 100vw, 600px\" \/><\/a><br \/>\nLa page de choix de la langue si celle d\u00e9tect\u00e9e n&rsquo;est pas bonne.<\/p>\n<p style=\"text-align: center;\"><a href=\"\/wp-content\/uploads\/sylabe\/2015\/10\/20151009-entite-connexion-sylabe_-_developpement_bachue_-_2015-10-09_17.43.001.png\"><img decoding=\"async\" loading=\"lazy\" class=\"alignnone size-medium wp-image-1021\" alt=\"20151009 entite connexion sylabe_-_developpement_bachue_-_2015-10-09_17.43.00\" src=\"\/wp-content\/uploads\/sylabe\/2015\/10\/20151009-entite-connexion-sylabe_-_developpement_bachue_-_2015-10-09_17.43.001-600x414.png\" width=\"600\" height=\"414\" \/><\/a><br \/>\nLa page de connexion, c&rsquo;est \u00e0 dire de d\u00e9verrouillage d&rsquo;une entit\u00e9. Tous les voyants sont au vert, tout va bien, la connexion est possible.<\/p>\n<p style=\"text-align: center;\"><a href=\"\/wp-content\/uploads\/sylabe\/2015\/10\/20151009-entite-deconnexion-sylabe_-_developpement_bachue_-_2015-10-09_17.44.091.png\"><img decoding=\"async\" loading=\"lazy\" class=\"alignnone size-medium wp-image-1022\" alt=\"20151009 entite deconnexion sylabe_-_developpement_bachue_-_2015-10-09_17.44.09\" src=\"\/wp-content\/uploads\/sylabe\/2015\/10\/20151009-entite-deconnexion-sylabe_-_developpement_bachue_-_2015-10-09_17.44.091-600x414.png\" width=\"600\" height=\"414\" \/><\/a><br \/>\nLa page de d\u00e9connexion, c&rsquo;est \u00e0 dire de verrouillage de l&rsquo;entit\u00e9. Le bouton rond blanc en haut \u00e0 droite est \u00e9quivalent au bouton verrouiller au milieu. Les lignes rouges sont caract\u00e9ristiques de la bonne connexion.<\/p>\n<p style=\"text-align: center;\"><a href=\"\/wp-content\/uploads\/sylabe\/2015\/10\/20151009-objet-sylabe_-_developpement_bachue_-_2015-10-09_17.41.031.png\"><img decoding=\"async\" loading=\"lazy\" class=\"alignnone size-medium wp-image-1023\" alt=\"20151009 objet sylabe_-_developpement_bachue_-_2015-10-09_17.41.03\" src=\"\/wp-content\/uploads\/sylabe\/2015\/10\/20151009-objet-sylabe_-_developpement_bachue_-_2015-10-09_17.41.031-600x405.png\" width=\"600\" height=\"405\" srcset=\"\/wp-content\/uploads\/sylabe\/2015\/10\/20151009-objet-sylabe_-_developpement_bachue_-_2015-10-09_17.41.031-600x405.png 600w, \/wp-content\/uploads\/sylabe\/2015\/10\/20151009-objet-sylabe_-_developpement_bachue_-_2015-10-09_17.41.031.png 1008w\" sizes=\"(max-width: 600px) 100vw, 600px\" \/><\/a><br \/>\nLa page de visualisation d&rsquo;un objet, ici un texte. Le menu de gauche est permanent et s&rsquo;adapte au contexte.<\/p>\n<p style=\"text-align: center;\"><a href=\"\/wp-content\/uploads\/sylabe\/2015\/10\/20151009-liens-sylabe_-_developpement_bachue_-_2015-10-09_17.46.031.png\"><img decoding=\"async\" loading=\"lazy\" class=\"alignnone size-medium wp-image-1024\" alt=\"20151009 liens sylabe_-_developpement_bachue_-_2015-10-09_17.46.03\" src=\"\/wp-content\/uploads\/sylabe\/2015\/10\/20151009-liens-sylabe_-_developpement_bachue_-_2015-10-09_17.46.031-600x414.png\" width=\"600\" height=\"414\" \/><\/a><br \/>\nLa page de visualisation des liens pour l&rsquo;objet pr\u00e9c\u00e9demment affich\u00e9. Il faut qu&rsquo;une entit\u00e9 soit d\u00e9verrouill\u00e9e pour pouvoir afficher les liens, non qu&rsquo;il ne soient pas lisibles mais plut\u00f4t parce que cette page est longue \u00e0 charger et peut poser probl\u00e8me au serveur web. C&rsquo;est une vue plut\u00f4t technique qui n&rsquo;a pas de raison d&rsquo;\u00eatre montr\u00e9 syst\u00e9matiquement \u00e0 un utilisateur.<\/p>\n<p style=\"text-align: center;\"><a href=\"\/wp-content\/uploads\/sylabe\/2015\/10\/20151009-filesystem-inpoints-sylabe_-_developpement_bachue_-_2015-10-09_18.03.271.png\"><img decoding=\"async\" loading=\"lazy\" class=\"alignnone size-medium wp-image-1025\" alt=\"20151009 filesystem inpoints sylabe_-_developpement_bachue_-_2015-10-09_18.03.27\" src=\"\/wp-content\/uploads\/sylabe\/2015\/10\/20151009-filesystem-inpoints-sylabe_-_developpement_bachue_-_2015-10-09_18.03.271-600x408.png\" width=\"600\" height=\"408\" srcset=\"\/wp-content\/uploads\/sylabe\/2015\/10\/20151009-filesystem-inpoints-sylabe_-_developpement_bachue_-_2015-10-09_18.03.271-600x408.png 600w, \/wp-content\/uploads\/sylabe\/2015\/10\/20151009-filesystem-inpoints-sylabe_-_developpement_bachue_-_2015-10-09_18.03.271.png 1024w\" sizes=\"(max-width: 600px) 100vw, 600px\" \/><\/a><br \/>\nLa page de visualisation des arborescences disponibles.<\/p>\n<p style=\"text-align: center;\"><a href=\"\/wp-content\/uploads\/sylabe\/2015\/08\/20150811-sylabe_-_developpement_bachue_-_2015-08-10_17.51.341.png\"><img decoding=\"async\" loading=\"lazy\" class=\"alignnone size-medium wp-image-993\" alt=\"20150811 sylabe_-_developpement_bachue_-_2015-08-10_17.51.34\" src=\"\/wp-content\/uploads\/sylabe\/2015\/08\/20150811-sylabe_-_developpement_bachue_-_2015-08-10_17.51.341-600x440.png\" width=\"600\" height=\"440\" srcset=\"\/wp-content\/uploads\/sylabe\/2015\/08\/20150811-sylabe_-_developpement_bachue_-_2015-08-10_17.51.341-600x440.png 600w, \/wp-content\/uploads\/sylabe\/2015\/08\/20150811-sylabe_-_developpement_bachue_-_2015-08-10_17.51.341.png 1024w\" sizes=\"(max-width: 600px) 100vw, 600px\" \/><\/a><br \/>\nLa page de visualisation d&rsquo;une arborescence.<\/p>\n<p style=\"text-align: center;\"><a href=\"\/wp-content\/uploads\/sylabe\/2015\/10\/20151009-filesystem-ajout-objet-marque-sylabe_-_developpement_bachue_-_2015-10-09_18.07.231.png\"><img decoding=\"async\" loading=\"lazy\" class=\"alignnone size-medium wp-image-1026\" alt=\"20151009 filesystem ajout objet marque sylabe_-_developpement_bachue_-_2015-10-09_18.07.23\" src=\"\/wp-content\/uploads\/sylabe\/2015\/10\/20151009-filesystem-ajout-objet-marque-sylabe_-_developpement_bachue_-_2015-10-09_18.07.231-600x408.png\" width=\"600\" height=\"408\" srcset=\"\/wp-content\/uploads\/sylabe\/2015\/10\/20151009-filesystem-ajout-objet-marque-sylabe_-_developpement_bachue_-_2015-10-09_18.07.231-600x408.png 600w, \/wp-content\/uploads\/sylabe\/2015\/10\/20151009-filesystem-ajout-objet-marque-sylabe_-_developpement_bachue_-_2015-10-09_18.07.231.png 1024w\" sizes=\"(max-width: 600px) 100vw, 600px\" \/><\/a><br \/>\nLa page d&rsquo;ajout d&rsquo;un objet s\u00e9lectionn\u00e9 dans l&rsquo;arborescence en cours d&rsquo;utilisation.<\/p>\n<p style=\"text-align: center;\"><a href=\"\/wp-content\/uploads\/sylabe\/2015\/10\/20151009-module-manager-sylabe_-_developpement_bachue_-_2015-10-09_17.38.281.png\"><img decoding=\"async\" loading=\"lazy\" class=\"alignnone size-medium wp-image-1027\" alt=\"20151009 module manager sylabe_-_developpement_bachue_-_2015-10-09_17.38.28\" src=\"\/wp-content\/uploads\/sylabe\/2015\/10\/20151009-module-manager-sylabe_-_developpement_bachue_-_2015-10-09_17.38.281-600x414.png\" width=\"600\" height=\"414\" \/><\/a><br \/>\nLa page de gestion des modules. Pour l&rsquo;instant, c&rsquo;est uniquement de la visualisation.<\/p>\n<p>L&rsquo;interface et ses capacit\u00e9s d&rsquo;adaptation \u00e0 la taille de l&rsquo;\u00e9cran :<\/p>\n<p style=\"text-align: center;\"><a href=\"\/wp-content\/uploads\/sylabe\/2014\/02\/shot-2015-10-09_21-05-031.png\"><img decoding=\"async\" loading=\"lazy\" class=\"alignnone size-medium wp-image-1031\" alt=\"shot-2015-10-09_21-05-03\" src=\"\/wp-content\/uploads\/sylabe\/2014\/02\/shot-2015-10-09_21-05-031-600x337.png\" width=\"600\" height=\"337\" \/><\/a><br \/>\n<em>Version haute d\u00e9finition.<\/em><\/p>\n<p style=\"text-align: center;\"><a href=\"\/wp-content\/uploads\/sylabe\/2014\/02\/shot-2015-10-09_21-01-291.png\"><img decoding=\"async\" loading=\"lazy\" class=\"alignnone size-medium wp-image-1030\" alt=\"shot-2015-10-09_21-01-29\" src=\"\/wp-content\/uploads\/sylabe\/2014\/02\/shot-2015-10-09_21-01-291-600x466.png\" width=\"600\" height=\"466\" srcset=\"\/wp-content\/uploads\/sylabe\/2014\/02\/shot-2015-10-09_21-01-291-600x466.png 600w, \/wp-content\/uploads\/sylabe\/2014\/02\/shot-2015-10-09_21-01-291.png 1024w\" sizes=\"(max-width: 600px) 100vw, 600px\" \/><\/a><br \/>\n<em>Version moyenne d\u00e9finition<\/em><\/p>\n<p style=\"text-align: center;\"><a href=\"\/wp-content\/uploads\/sylabe\/2014\/02\/shot-2015-10-09_21-03-001.png\"><img decoding=\"async\" loading=\"lazy\" class=\"alignnone size-medium wp-image-1032\" alt=\"shot-2015-10-09_21-03-00\" src=\"\/wp-content\/uploads\/sylabe\/2014\/02\/shot-2015-10-09_21-03-001-600x471.png\" width=\"600\" height=\"471\" srcset=\"\/wp-content\/uploads\/sylabe\/2014\/02\/shot-2015-10-09_21-03-001-600x471.png 600w, \/wp-content\/uploads\/sylabe\/2014\/02\/shot-2015-10-09_21-03-001.png 800w\" sizes=\"(max-width: 600px) 100vw, 600px\" \/><\/a><br \/>\n<em>Version basse d\u00e9finition.<\/em><\/p>\n<p style=\"text-align: center;\"><a href=\"\/wp-content\/uploads\/sylabe\/2014\/02\/shot-2015-10-09_21-04-311.png\"><img decoding=\"async\" loading=\"lazy\" class=\"alignnone size-full wp-image-1033\" alt=\"shot-2015-10-09_21-04-31\" src=\"\/wp-content\/uploads\/sylabe\/2014\/02\/shot-2015-10-09_21-04-311.png\" width=\"500\" height=\"528\" \/><\/a><br \/>\n<em>Version tr\u00e8s basse d\u00e9finition.<\/em><\/p>\n<p>Le bootstrap :<\/p>\n<p style=\"text-align: center;\"><a href=\"\/wp-content\/uploads\/sylabe\/2014\/02\/20150718-nebule_bootstrap_-_Experimental_-_2015-07-18_23.42.311.png\"><img decoding=\"async\" loading=\"lazy\" class=\"alignnone size-medium wp-image-950\" alt=\"20150718 nebule_bootstrap_-_Experimental_-_2015-07-18_23.42.31\" src=\"\/wp-content\/uploads\/sylabe\/2014\/02\/20150718-nebule_bootstrap_-_Experimental_-_2015-07-18_23.42.311-600x460.png\" width=\"600\" height=\"460\" srcset=\"\/wp-content\/uploads\/sylabe\/2014\/02\/20150718-nebule_bootstrap_-_Experimental_-_2015-07-18_23.42.311-600x460.png 600w, \/wp-content\/uploads\/sylabe\/2014\/02\/20150718-nebule_bootstrap_-_Experimental_-_2015-07-18_23.42.311-1024x785.png 1024w, \/wp-content\/uploads\/sylabe\/2014\/02\/20150718-nebule_bootstrap_-_Experimental_-_2015-07-18_23.42.311.png 1085w\" sizes=\"(max-width: 600px) 100vw, 600px\" \/><\/a><\/p>\n<h2>Anciennes captures<\/h2>\n<p>Une page de <em>sylabe<\/em>, entit\u00e9 verrouill\u00e9e :<\/p>\n<p style=\"text-align: center;\">.<a href=\"\/wp-content\/uploads\/sylabe\/2015\/03\/sylabe_-_15d194c0ac5da323b50e868ab62c17c0a5470283c92f3d8a8631743b5cd9f42f_-_975571a8a470a6d975662e284f5ef1bd0396c06b31a2207b81bef2e24c5bf0c5_-_2015-03-07_17.31.461.png\"><img decoding=\"async\" loading=\"lazy\" class=\"alignnone size-medium wp-image-780\" alt=\"sylabe_-_15d194c0ac5da323b50e868ab62c17c0a5470283c92f3d8a8631743b5cd9f42f_-_975571a8a470a6d975662e284f5ef1bd0396c06b31a2207b81bef2e24c5bf0c5_-_2015-03-07_17.31.46\" src=\"\/wp-content\/uploads\/sylabe\/2015\/03\/sylabe_-_15d194c0ac5da323b50e868ab62c17c0a5470283c92f3d8a8631743b5cd9f42f_-_975571a8a470a6d975662e284f5ef1bd0396c06b31a2207b81bef2e24c5bf0c5_-_2015-03-07_17.31.461-600x431.png\" width=\"600\" height=\"431\" srcset=\"\/wp-content\/uploads\/sylabe\/2015\/03\/sylabe_-_15d194c0ac5da323b50e868ab62c17c0a5470283c92f3d8a8631743b5cd9f42f_-_975571a8a470a6d975662e284f5ef1bd0396c06b31a2207b81bef2e24c5bf0c5_-_2015-03-07_17.31.461-600x431.png 600w, \/wp-content\/uploads\/sylabe\/2015\/03\/sylabe_-_15d194c0ac5da323b50e868ab62c17c0a5470283c92f3d8a8631743b5cd9f42f_-_975571a8a470a6d975662e284f5ef1bd0396c06b31a2207b81bef2e24c5bf0c5_-_2015-03-07_17.31.461-1024x736.png 1024w, \/wp-content\/uploads\/sylabe\/2015\/03\/sylabe_-_15d194c0ac5da323b50e868ab62c17c0a5470283c92f3d8a8631743b5cd9f42f_-_975571a8a470a6d975662e284f5ef1bd0396c06b31a2207b81bef2e24c5bf0c5_-_2015-03-07_17.31.461.png 1067w\" sizes=\"(max-width: 600px) 100vw, 600px\" \/><\/a><\/p>\n<p style=\"text-align: center;\"><a href=\"\/wp-content\/uploads\/sylabe\/2015\/04\/sylabe_-_15d194c0ac5da323b50e868ab62c17c0a5470283c92f3d8a8631743b5cd9f42f_-_15d194c0ac5da323b50e868ab62c17c0a5470283c92f3d8a8631743b5cd9f42f_-_2015-04-26_00.48.161.png\"><img decoding=\"async\" loading=\"lazy\" class=\"alignnone size-medium wp-image-799\" alt=\"sylabe_-_15d194c0ac5da323b50e868ab62c17c0a5470283c92f3d8a8631743b5cd9f42f_-_15d194c0ac5da323b50e868ab62c17c0a5470283c92f3d8a8631743b5cd9f42f_-_2015-04-26_00.48.16\" src=\"\/wp-content\/uploads\/sylabe\/2015\/04\/sylabe_-_15d194c0ac5da323b50e868ab62c17c0a5470283c92f3d8a8631743b5cd9f42f_-_15d194c0ac5da323b50e868ab62c17c0a5470283c92f3d8a8631743b5cd9f42f_-_2015-04-26_00.48.161-600x434.png\" width=\"600\" height=\"434\" srcset=\"\/wp-content\/uploads\/sylabe\/2015\/04\/sylabe_-_15d194c0ac5da323b50e868ab62c17c0a5470283c92f3d8a8631743b5cd9f42f_-_15d194c0ac5da323b50e868ab62c17c0a5470283c92f3d8a8631743b5cd9f42f_-_2015-04-26_00.48.161-600x434.png 600w, \/wp-content\/uploads\/sylabe\/2015\/04\/sylabe_-_15d194c0ac5da323b50e868ab62c17c0a5470283c92f3d8a8631743b5cd9f42f_-_15d194c0ac5da323b50e868ab62c17c0a5470283c92f3d8a8631743b5cd9f42f_-_2015-04-26_00.48.161.png 1024w\" sizes=\"(max-width: 600px) 100vw, 600px\" \/><\/a><\/p>\n<p>Une page de <em>sylabe<\/em>, entit\u00e9 d\u00e9verrouill\u00e9e (connect\u00e9e) :<\/p>\n<p style=\"text-align: center;\"><a href=\"\/wp-content\/uploads\/sylabe\/2015\/05\/sylabe_-_15d194c0ac5da323b50e868ab62c17c0a5470283c92f3d8a8631743b5cd9f42f_-_2db5ebfbdc6db01b5972837182275c2142d68de20fe78670a87875108e616cf7_-_2015-05-09_00.28.151.png\"><img decoding=\"async\" loading=\"lazy\" class=\"alignnone size-medium wp-image-803\" alt=\"sylabe_-_15d194c0ac5da323b50e868ab62c17c0a5470283c92f3d8a8631743b5cd9f42f_-_2db5ebfbdc6db01b5972837182275c2142d68de20fe78670a87875108e616cf7_-_2015-05-09_00.28.15\" src=\"\/wp-content\/uploads\/sylabe\/2015\/05\/sylabe_-_15d194c0ac5da323b50e868ab62c17c0a5470283c92f3d8a8631743b5cd9f42f_-_2db5ebfbdc6db01b5972837182275c2142d68de20fe78670a87875108e616cf7_-_2015-05-09_00.28.151-600x466.png\" width=\"600\" height=\"466\" \/><\/a><\/p>\n<p>Le <em>bootstrap<\/em> en cours d&rsquo;installation :<\/p>\n<p style=\"text-align: center;\"><a href=\"\/wp-content\/uploads\/sylabe\/2014\/02\/shot-2014-02-08_11-54-481.jpg\"><img decoding=\"async\" loading=\"lazy\" class=\"alignnone size-large wp-image-391\" alt=\"shot-2014-02-08_11-54-48\" src=\"\/wp-content\/uploads\/sylabe\/2014\/02\/shot-2014-02-08_11-54-481-600x337.jpg\" width=\"600\" height=\"337\" \/><\/a><\/p>\n","protected":false},"excerpt":{"rendered":"<p>Captures d&rsquo;\u00e9crans du projet sylabe Les derni\u00e8res captures : La page de bienvenue \u00e0 la premi\u00e8re connexion sur le serveur. Le menu principal avec les applications disponibles. Il est toujours accessible via l&rsquo;ic\u00f4ne en haut \u00e0 gauche. La page de choix de la langue si celle d\u00e9tect\u00e9e n&rsquo;est pas bonne. La page de connexion, c&rsquo;est &hellip; <a href=\"http:\/\/blog.sylabe.org\/?page_id=393\" class=\"more-link\">Continuer la lecture de <span class=\"screen-reader-text\">Screenshot<\/span><\/a><\/p>\n","protected":false},"author":1,"featured_media":0,"parent":0,"menu_order":6,"comment_status":"open","ping_status":"open","template":"","meta":[],"_links":{"self":[{"href":"http:\/\/blog.sylabe.org\/index.php?rest_route=\/wp\/v2\/pages\/393"}],"collection":[{"href":"http:\/\/blog.sylabe.org\/index.php?rest_route=\/wp\/v2\/pages"}],"about":[{"href":"http:\/\/blog.sylabe.org\/index.php?rest_route=\/wp\/v2\/types\/page"}],"author":[{"embeddable":true,"href":"http:\/\/blog.sylabe.org\/index.php?rest_route=\/wp\/v2\/users\/1"}],"replies":[{"embeddable":true,"href":"http:\/\/blog.sylabe.org\/index.php?rest_route=%2Fwp%2Fv2%2Fcomments&post=393"}],"version-history":[{"count":0,"href":"http:\/\/blog.sylabe.org\/index.php?rest_route=\/wp\/v2\/pages\/393\/revisions"}],"wp:attachment":[{"href":"http:\/\/blog.sylabe.org\/index.php?rest_route=%2Fwp%2Fv2%2Fmedia&parent=393"}],"curies":[{"name":"wp","href":"https:\/\/api.w.org\/{rel}","templated":true}]}}