{"id":322,"date":"2014-01-13T16:19:53","date_gmt":"2014-01-13T14:19:53","guid":{"rendered":"http:\/\/blog.sylabe.org\/?page_id=322"},"modified":"2016-09-04T21:15:07","modified_gmt":"2016-09-04T19:15:07","slug":"installation","status":"publish","type":"page","link":"http:\/\/blog.sylabe.org\/?page_id=322","title":{"rendered":"Installation"},"content":{"rendered":"<h1 style=\"text-align: justify;\">Installation<\/h1>\n<p style=\"text-align: justify;\">Le <em>bootstrap<\/em> support\u00e9 par le projet nebule permet de r\u00e9cup\u00e9rer automatiquement toutes les applications. L&rsquo;installation de <em>sylabe<\/em> est donc revue pour partir d&rsquo;une installation du <em>bootstrap<\/em> et pour s\u00e9lection comme application par d\u00e9faut <em>sylabe<\/em>.<\/p>\n<p style=\"text-align: justify;\">La premi\u00e8re \u00e9tape consiste \u00e0 suivre l&rsquo;installation suivant le type de syst\u00e8me d&rsquo;exploitation : <a title=\"Installation\" href=\"http:\/\/blog.nebule.org\/?page_id=2535\" target=\"_blank\">Installation<\/a><\/p>\n<p style=\"text-align: justify;\">La s\u00e9lection par d\u00e9faut de l&rsquo;application et sa configuration se fait en ajoutant au fichier <code>nebule.env<\/code> :<\/p>\n<p style=\"text-align: left;\"><code>defaultApplication = 832640c8c3046f910e6adbba7471006012e41166e8224e642cd1f38826a1ab4b<br \/>\nsylabeDisplayOnlineHelp = true<br \/>\nsylabeDisplayOnlineOptions = true<br \/>\nsylabeDisplayMetrology = false<br \/>\nsylabeDisplayUnsecureURL = true<br \/>\nsylabeDisplayUnverifyLargeContent = false<br \/>\nsylabeDisplayNameSize = 128<br \/>\nsylabeIOReadMaxDataPHP = 200000000<br \/>\nsylabePermitUploadObject = true<br \/>\nsylabePermitUploadLinks = true<br \/>\nsylabePermitPublicUploadObject = true<br \/>\nsylabePermitPublicUploadLinks = true<br \/>\nsylabeLogUnlockEntity = true<br \/>\nsylabeLogLockEntity = true<br \/>\nsylabeLoadModules = 670ef0cfb098a5e7a60ecd41d0f2ccaff9b2abe5fe93c5261c11c0cc90fb132b 5a4a505241a3f502867874f4d69893cb43b3afbcb3af41b9af4deda76dd5a83f 9c1e9f375237ea29c4d364488f0f29e3aa083f33f2638838cbeb9ba792cef176 df5141c75d940bd2a0fcdd66b361070d46f08e4a48e9b745e8ae12d2f121c41d d47450f19bca63a629d77e6209b66ed5b0f93166737f4ab706dd670981cf16c6 160ffd4ad6f9a5455676438123d65fa13432ab615b80630d76c65b7b19872234 792b89144a7b1cd1dafda50004c5cd60686f9a23c87e6f713a8e322312ff82d5 196e2d645739ef8f11b37227c587fb02edfd72a6a07708f0a9fbe1e07cf83914<\/code><\/p>\n<p style=\"text-align: justify;\"><img decoding=\"async\" loading=\"lazy\" class=\"alignnone wp-image-65\" src=\"\/wp-content\/uploads\/sylabe\/2013\/07\/li1.png\" alt=\"li\" width=\"16\" height=\"16\" \/>\u00c2\u00a0La derni\u00e8re option <code>sylabeLoadModules<\/code> doit \u00eatre sur une seule ligne.<\/p>\n","protected":false},"excerpt":{"rendered":"<p>Installation Le bootstrap support\u00e9 par le projet nebule permet de r\u00e9cup\u00e9rer automatiquement toutes les applications. L&rsquo;installation de sylabe est donc revue pour partir d&rsquo;une installation du bootstrap et pour s\u00e9lection comme application par d\u00e9faut sylabe. La premi\u00e8re \u00e9tape consiste \u00e0 suivre l&rsquo;installation suivant le type de syst\u00e8me d&rsquo;exploitation : Installation La s\u00e9lection par d\u00e9faut de &hellip; <a href=\"http:\/\/blog.sylabe.org\/?page_id=322\" class=\"more-link\">Continuer la lecture de <span class=\"screen-reader-text\">Installation<\/span><\/a><\/p>\n","protected":false},"author":1,"featured_media":0,"parent":0,"menu_order":5,"comment_status":"open","ping_status":"open","template":"","meta":[],"_links":{"self":[{"href":"http:\/\/blog.sylabe.org\/index.php?rest_route=\/wp\/v2\/pages\/322"}],"collection":[{"href":"http:\/\/blog.sylabe.org\/index.php?rest_route=\/wp\/v2\/pages"}],"about":[{"href":"http:\/\/blog.sylabe.org\/index.php?rest_route=\/wp\/v2\/types\/page"}],"author":[{"embeddable":true,"href":"http:\/\/blog.sylabe.org\/index.php?rest_route=\/wp\/v2\/users\/1"}],"replies":[{"embeddable":true,"href":"http:\/\/blog.sylabe.org\/index.php?rest_route=%2Fwp%2Fv2%2Fcomments&post=322"}],"version-history":[{"count":3,"href":"http:\/\/blog.sylabe.org\/index.php?rest_route=\/wp\/v2\/pages\/322\/revisions"}],"predecessor-version":[{"id":1302,"href":"http:\/\/blog.sylabe.org\/index.php?rest_route=\/wp\/v2\/pages\/322\/revisions\/1302"}],"wp:attachment":[{"href":"http:\/\/blog.sylabe.org\/index.php?rest_route=%2Fwp%2Fv2%2Fmedia&parent=322"}],"curies":[{"name":"wp","href":"https:\/\/api.w.org\/{rel}","templated":true}]}}