{"id":1356,"date":"2021-01-22T16:50:46","date_gmt":"2021-01-22T14:50:46","guid":{"rendered":"https:\/\/blog.sylabe.org\/?page_id=1356"},"modified":"2021-01-22T16:50:46","modified_gmt":"2021-01-22T14:50:46","slug":"rgpd","status":"publish","type":"page","link":"http:\/\/blog.sylabe.org\/?page_id=1356","title":{"rendered":"RGPD"},"content":{"rendered":"\n<p>Les contributeurs sont des personnes enregistr\u00e9es sur le weblog au moyen d&rsquo;un pseudonyme et d&rsquo;une adresse de messagerie valide.<\/p>\n\n\n\n<p>Les lecteurs sont toutes personnes externes connect\u00e9es via Internet et sont reconnus tout au long de leur consultation par leur cookie. Le cookie expire automatiquement au bout de 24h d&rsquo;inactivit\u00e9.<\/p>\n\n\n\n<p>Pour toute connexion, l&rsquo;adresse IP, la page consult\u00e9e et la page de provenance sont enregistr\u00e9es dans les journaux du serveur pour une dur\u00e9e de un an. Ces journaux sont utilis\u00e9s au besoin \u00e0 des fins d&rsquo;analyse de s\u00e9curit\u00e9 et annuellement \u00e0 des fins de statistiques d&rsquo;utilisation.<\/p>\n\n\n\n<p>Toutes les donn\u00e9es mentionn\u00e9es ci-dessus sont stock\u00e9es strictement sur des serveurs internes et ne sont pas export\u00e9s vers des entit\u00e9s externes.<\/p>\n\n\n\n<p>Pour toutes questions et r\u00e9clamations, s&rsquo;adresser \u00e0 l&rsquo;adresse de messagerie \u00ab\u00a0webmaster\u00a0\u00bb du domaine de nommage du blog.<\/p>\n","protected":false},"excerpt":{"rendered":"<p>Les contributeurs sont des personnes enregistr\u00e9es sur le weblog au moyen d&rsquo;un pseudonyme et d&rsquo;une adresse de messagerie valide. Les lecteurs sont toutes personnes externes connect\u00e9es via Internet et sont reconnus tout au long de leur consultation par leur cookie. Le cookie expire automatiquement au bout de 24h d&rsquo;inactivit\u00e9. Pour toute connexion, l&rsquo;adresse IP, la &hellip; <a href=\"http:\/\/blog.sylabe.org\/?page_id=1356\" class=\"more-link\">Continuer la lecture de <span class=\"screen-reader-text\">RGPD<\/span><\/a><\/p>\n","protected":false},"author":2,"featured_media":0,"parent":0,"menu_order":9,"comment_status":"closed","ping_status":"closed","template":"","meta":[],"_links":{"self":[{"href":"http:\/\/blog.sylabe.org\/index.php?rest_route=\/wp\/v2\/pages\/1356"}],"collection":[{"href":"http:\/\/blog.sylabe.org\/index.php?rest_route=\/wp\/v2\/pages"}],"about":[{"href":"http:\/\/blog.sylabe.org\/index.php?rest_route=\/wp\/v2\/types\/page"}],"author":[{"embeddable":true,"href":"http:\/\/blog.sylabe.org\/index.php?rest_route=\/wp\/v2\/users\/2"}],"replies":[{"embeddable":true,"href":"http:\/\/blog.sylabe.org\/index.php?rest_route=%2Fwp%2Fv2%2Fcomments&post=1356"}],"version-history":[{"count":1,"href":"http:\/\/blog.sylabe.org\/index.php?rest_route=\/wp\/v2\/pages\/1356\/revisions"}],"predecessor-version":[{"id":1357,"href":"http:\/\/blog.sylabe.org\/index.php?rest_route=\/wp\/v2\/pages\/1356\/revisions\/1357"}],"wp:attachment":[{"href":"http:\/\/blog.sylabe.org\/index.php?rest_route=%2Fwp%2Fv2%2Fmedia&parent=1356"}],"curies":[{"name":"wp","href":"https:\/\/api.w.org\/{rel}","templated":true}]}}