{"id":1028,"date":"2013-06-12T16:25:13","date_gmt":"2013-06-12T16:25:13","guid":{"rendered":"https:\/\/blog.sylabe.org\/?page_id=2"},"modified":"2013-06-12T16:25:13","modified_gmt":"2013-06-12T16:25:13","slug":"sample-page","status":"publish","type":"page","link":"http:\/\/blog.sylabe.org\/?page_id=1028","title":{"rendered":"A propos"},"content":{"rendered":"<h2><strong>A propos<\/strong><\/h2>\n<h3>A propos du projet<\/h3>\n<p>Suite au projet <em>nebule<\/em>, encore en cours, voici le projet <strong>sylabe<\/strong>, avec un seul &lsquo;l&rsquo;.<\/p>\n<p><em>sylabe<\/em> est une impl\u00e9mentation logicielle bas\u00e9e sur le projet <a title=\"nebule\" href=\"http:\/\/blog.nebule.org\/\" target=\"_blank\">nebule<\/a>.<\/p>\n<h3><strong>A propos du nom<\/strong><\/h3>\n<p>Le nom est une version condens\u00e9e du mot syllabe.<br \/>\nLe projet n\u00e9cessitait un nouveau nom. Celui-ci devait commencer par la lettre <code>s<\/code>, terminer par la lettre <code>e<\/code>, faire 6 lettres et assez proche de <em>nebule<\/em>. De plus, le nom de domaine en <em>.com<\/em> devait \u00eatre disponible.<\/p>\n<p style=\"text-align: center;\">::<\/p>\n<p style=\"text-align: center;\">(2013)<\/p>\n","protected":false},"excerpt":{"rendered":"<p>A propos A propos du projet Suite au projet nebule, encore en cours, voici le projet sylabe, avec un seul &lsquo;l&rsquo;. sylabe est une impl\u00e9mentation logicielle bas\u00e9e sur le projet nebule. A propos du nom Le nom est une version condens\u00e9e du mot syllabe. Le projet n\u00e9cessitait un nouveau nom. Celui-ci devait commencer par la &hellip; <a href=\"http:\/\/blog.sylabe.org\/?page_id=1028\" class=\"more-link\">Continuer la lecture de <span class=\"screen-reader-text\">A propos<\/span><\/a><\/p>\n","protected":false},"author":1,"featured_media":0,"parent":0,"menu_order":9,"comment_status":"open","ping_status":"open","template":"","meta":[],"_links":{"self":[{"href":"http:\/\/blog.sylabe.org\/index.php?rest_route=\/wp\/v2\/pages\/1028"}],"collection":[{"href":"http:\/\/blog.sylabe.org\/index.php?rest_route=\/wp\/v2\/pages"}],"about":[{"href":"http:\/\/blog.sylabe.org\/index.php?rest_route=\/wp\/v2\/types\/page"}],"author":[{"embeddable":true,"href":"http:\/\/blog.sylabe.org\/index.php?rest_route=\/wp\/v2\/users\/1"}],"replies":[{"embeddable":true,"href":"http:\/\/blog.sylabe.org\/index.php?rest_route=%2Fwp%2Fv2%2Fcomments&post=1028"}],"version-history":[{"count":0,"href":"http:\/\/blog.sylabe.org\/index.php?rest_route=\/wp\/v2\/pages\/1028\/revisions"}],"wp:attachment":[{"href":"http:\/\/blog.sylabe.org\/index.php?rest_route=%2Fwp%2Fv2%2Fmedia&parent=1028"}],"curies":[{"name":"wp","href":"https:\/\/api.w.org\/{rel}","templated":true}]}}